{"id":2,"date":"2022-07-19T17:16:36","date_gmt":"2022-07-19T15:16:36","guid":{"rendered":"https:\/\/tischlerei-staack.de\/wp\/?page_id=2"},"modified":"2026-02-16T16:18:47","modified_gmt":"2026-02-16T15:18:47","slug":"beispiel-seite","status":"publish","type":"page","link":"https:\/\/tischlerei-staack.de\/wp\/","title":{"rendered":"Tischlerei Staack"},"content":{"rendered":"<div class=\"wpb-content-wrapper\"><p>[vc_row full_width=&#8220;stretch_row_content&#8220; css=&#8220;.vc_custom_1695635186553{margin-top: 0px !important;margin-right: 0px !important;margin-bottom: 0px !important;margin-left: 0px !important;padding-top: 0px !important;padding-right: 0px !important;padding-bottom: 0px !important;padding-left: 0px !important;background-image: url(https:\/\/tischlerei-staack.de\/wp\/wp-content\/uploads\/23_Staack_Header_Back_Holz_001_2200_876.jpg?id=72) !important;background-position: center !important;background-repeat: no-repeat !important;background-size: cover !important;}&#8220;][vc_column css=&#8220;.vc_custom_1695390985889{margin-top: 0px !important;margin-bottom: 0px !important;padding-top: 0px !important;padding-bottom: 0px !important;}&#8220;][vc_empty_space height=&#8220;15px&#8220;][\/vc_column][\/vc_row][vc_row full_width=&#8220;stretch_row&#8220; full_height=&#8220;yes&#8220; columns_placement=&#8220;top&#8220; content_placement=&#8220;middle&#8220; bg_type=&#8220;image&#8220; parallax_style=&#8220;vcpb-vz-jquery&#8220; bg_image_new=&#8220;id^435|url^https:\/\/tischlerei-staack.de\/wp\/wp-content\/uploads\/24_Staack_Back_002.jpg|caption^null|alt^null|title^null|description^null&#8220; bg_image_repeat=&#8220;no-repeat&#8220; css=&#8220;.vc_custom_1714801790601{margin-top: 0px !important;margin-right: 0px !important;margin-bottom: 0px !important;margin-left: 0px !important;padding-top: 0px !important;padding-right: 0px !important;padding-bottom: 0px !important;padding-left: 0px !important;}&#8220;][vc_column offset=&#8220;vc_col-lg-12 vc_col-md-12&#8243;][vc_row_inner][vc_column_inner width=&#8220;2\/5&#8243; offset=&#8220;vc_col-lg-2\/5 vc_col-md-12&#8243;][\/vc_column_inner][vc_column_inner width=&#8220;2\/5&#8243; offset=&#8220;vc_col-lg-2\/5 vc_col-md-12&#8243;]<div id=\"ultimate-heading-407769d1b5e5d0aa0\" class=\"uvc-heading ult-adjust-bottom-margin ultimate-heading-407769d1b5e5d0aa0 uvc-9170  uvc-heading-default-font-sizes\" data-hspacer=\"no_spacer\"  data-halign=\"left\" style=\"text-align:left\"><div class=\"uvc-heading-spacer no_spacer\" style=\"top\"><\/div><div class=\"uvc-main-heading ult-responsive\"  data-ultimate-target='.uvc-heading.ultimate-heading-407769d1b5e5d0aa0 h1'  data-responsive-json-new='{\"font-size\":\"\",\"line-height\":\"\"}' ><h1 style=\"--font-weight:theme;color:#ffffff;margin-top:50px;margin-bottom:50px;\">Tischlerei Staack<\/h1><\/div><\/div>[vc_column_text css_animation=&#8220;fadeIn&#8220; css=&#8220;&#8220;]<\/p>\n<h4><span style=\"color: #ffffff;\">M\u00f6bel bieten einen ganz individuellen Wohnkomfort. So legt aus gutem Grund fast jeder Wert auf die ganz pers\u00f6nliche Einrichtung seines Heims.<\/span><\/h4>\n<h4><span style=\"color: #ffffff;\">Einbau- und Einzelm\u00f6bel, Wandvert\u00e4felungen und Deckenverkleidungen bringen den eigenen Stil und Geschmack zum Ausdruck.<\/span><\/h4>\n<h4><span style=\"color: #ffffff;\">Bei der Realisierung Ihrer Ideen und W\u00fcnsche stehen wir Ihnen als qualifizierter und kompetenter Partner f\u00fcr individuelle L\u00f6sungen selbstverst\u00e4ndlich zur Seite und bieten ihnen eine \u00fcberaus gro\u00dfe Auswahl an Farben, Formen und Oberfl\u00e4chen aus Holz und Kunststoff.<\/span><\/h4>\n<p>[\/vc_column_text][\/vc_column_inner][vc_column_inner width=&#8220;1\/5&#8243; offset=&#8220;vc_col-lg-1\/5&#8243;][\/vc_column_inner][\/vc_row_inner][vc_empty_space height=&#8220;100px&#8220;][\/vc_column][\/vc_row][vc_row][vc_column offset=&#8220;vc_col-lg-12 vc_col-md-12&#8243;][vc_empty_space height=&#8220;100px&#8220;][vc_row_inner][vc_column_inner offset=&#8220;vc_col-lg-6 vc_col-md-12&#8243;][vc_column_text css_animation=&#8220;fadeIn&#8220; css=&#8220;&#8220;]<\/p>\n<h2>Ihre Tischlerei in Heiligenstedten<\/h2>\n<p>Im Jahre 1984 wurde der Tischlereibetrieb von G\u00fcnter und Birgit Staack in Heiligenstedten neu gegr\u00fcndet und besch\u00e4ftigt mehrere Mitarbeiter.<\/p>\n<p>In unserer \u00fcber 540 qm gro\u00dfen Werkstatt fertigen wir mit unserem bestens ausgestatteten Maschinenpark Holzarbeiten aller Art. Au\u00dferdem bieten wir Ihnen Dienstleistungsservice, P\u00fcnktlichkeit, Zuverl\u00e4ssigkeit, Sauberkeit, Materialien renommierter Markenhersteller. Dabei werden Kleinauftr\u00e4ge genauso behandelt wie Gro\u00dfauftr\u00e4ge; denn jeder Auftrag ist uns wichtig. Zudem nehmen unsere Mitarbeiter st\u00e4ndig an Fortbildungen teil, so dass wir immer auf dem neuesten Stand der Technik sind.<\/p>\n<p>Wir geh\u00f6ren der Tischlerinnung Steinburg an und sind Mitglied im Fachverband Tischler Nord. Seit 2009 sind wir im Bereich Holzfenster CEplus-zertifiziert. Au\u00dferdem sind wir ein polizeilich anerkanntes Unternehmen im QSN.[\/vc_column_text][\/vc_column_inner][vc_column_inner offset=&#8220;vc_col-lg-6 vc_col-md-12&#8243;]<style type=\"text\/css\" data-type=\"the7_shortcodes-inline-css\">.shortcode-single-image-wrap.shortcode-single-image-c9de56dcaf3c93be41df59bf69f2eb9a.enable-bg-rollover .rollover i,\n.shortcode-single-image-wrap.shortcode-single-image-c9de56dcaf3c93be41df59bf69f2eb9a.enable-bg-rollover .rollover-video i {\n  background: -webkit-linear-gradient();\n  background: linear-gradient();\n}\n.shortcode-single-image-wrap.shortcode-single-image-c9de56dcaf3c93be41df59bf69f2eb9a .rollover-icon {\n  font-size: 32px;\n  color: #ffffff;\n  min-width: 44px;\n  min-height: 44px;\n  line-height: 44px;\n  border-radius: 100px;\n  border-style: solid;\n  border-width: 0px;\n}\n.dt-icon-bg-on.shortcode-single-image-wrap.shortcode-single-image-c9de56dcaf3c93be41df59bf69f2eb9a .rollover-icon {\n  background: rgba(255,255,255,0.3);\n  box-shadow: none;\n}\n<\/style><div class=\"shortcode-single-image-wrap shortcode-single-image-c9de56dcaf3c93be41df59bf69f2eb9a alignnone fadeIn animate-element  enable-bg-rollover dt-icon-bg-off\" style=\"margin-top:0px; margin-bottom:0px; margin-left:0px; margin-right:0px;\"><div class=\"shortcode-single-image\"><div class=\"fancy-media-wrap  layzr-bg\" style=\"\"><img fetchpriority=\"high\" decoding=\"async\" class=\"preload-me lazy-load aspect\" src=\"data:image\/svg+xml,%3Csvg%20xmlns%3D&#39;http%3A%2F%2Fwww.w3.org%2F2000%2Fsvg&#39;%20viewBox%3D&#39;0%200%201200%201200&#39;%2F%3E\" data-src=\"https:\/\/tischlerei-staack.de\/wp\/wp-content\/uploads\/24_Staack_Abb_Allgemein_062_B2.jpg\" data-srcset=\"https:\/\/tischlerei-staack.de\/wp\/wp-content\/uploads\/24_Staack_Abb_Allgemein_062_B2.jpg 1200w\" loading=\"eager\" sizes=\"(max-width: 1200px) 100vw, 1200px\" width=\"1200\" height=\"1200\"  data-dt-location=\"https:\/\/tischlerei-staack.de\/wp\/24_staack_abb_allgemein_062_b2\/\" style=\"--ratio: 1200 \/ 1200;\" alt=\"\" \/><\/div><\/div><\/div>[\/vc_column_inner][\/vc_row_inner][vc_empty_space height=&#8220;100px&#8220;][vc_column_text css_animation=&#8220;fadeIn&#8220; css=&#8220;&#8220;]<\/p>\n<h2>Was k\u00f6nnen wir f\u00fcr Sie tun?<\/h2>\n<p>Die Tischlerei Stefanie Staack in Heiligenstedten bei Itzehoe ist Ihre erste Adresse f\u00fcr individuell angefertigte und hochwertige M\u00f6bel, einbruchsichere und formsch\u00f6ne Fenster und T\u00fcren, handwerklich perfekte Treppen sowie Innen- und Dachausbauten. Kontaktieren Sie uns gerne per Telefon oder Email. Wir beraten Sie gerne pers\u00f6nlich zu Ihrem Wunschprojekt.[\/vc_column_text][vc_empty_space height=&#8220;50px&#8220;][vc_row_inner][vc_column_inner offset=&#8220;vc_col-lg-3 vc_col-md-6&#8243;]<style type=\"text\/css\" data-type=\"the7_shortcodes-inline-css\">.shortcode-single-image-wrap.shortcode-single-image-93b8c7715af71deb0a3a759afec6515f.enable-bg-rollover .rollover i,\n.shortcode-single-image-wrap.shortcode-single-image-93b8c7715af71deb0a3a759afec6515f.enable-bg-rollover .rollover-video i {\n  background: -webkit-linear-gradient();\n  background: linear-gradient();\n}\n.shortcode-single-image-wrap.shortcode-single-image-93b8c7715af71deb0a3a759afec6515f .rollover-icon {\n  font-size: 32px;\n  color: #ffffff;\n  min-width: 44px;\n  min-height: 44px;\n  line-height: 44px;\n  border-radius: 100px;\n  border-style: solid;\n  border-width: 0px;\n}\n.dt-icon-bg-on.shortcode-single-image-wrap.shortcode-single-image-93b8c7715af71deb0a3a759afec6515f .rollover-icon {\n  background: rgba(255,255,255,0.3);\n  box-shadow: none;\n}\n<\/style><div class=\"shortcode-single-image-wrap shortcode-single-image-93b8c7715af71deb0a3a759afec6515f alignnone fadeIn animate-element  enable-bg-rollover dt-icon-bg-off\" style=\"margin-top:0px; margin-bottom:0px; margin-left:0px; margin-right:0px;\"><div class=\"shortcode-single-image\"><div class=\"fancy-media-wrap  layzr-bg\" style=\"\"><img decoding=\"async\" class=\"preload-me lazy-load aspect\" src=\"data:image\/svg+xml,%3Csvg%20xmlns%3D&#39;http%3A%2F%2Fwww.w3.org%2F2000%2Fsvg&#39;%20viewBox%3D&#39;0%200%202560%201920&#39;%2F%3E\" data-src=\"https:\/\/tischlerei-staack.de\/wp\/wp-content\/uploads\/24_Staack_Abb_Allgemein_054_B2-scaled.jpg\" data-srcset=\"https:\/\/tischlerei-staack.de\/wp\/wp-content\/uploads\/24_Staack_Abb_Allgemein_054_B2-scaled.jpg 2560w\" loading=\"eager\" sizes=\"(max-width: 2560px) 100vw, 2560px\" width=\"2560\" height=\"1920\"  data-dt-location=\"https:\/\/tischlerei-staack.de\/wp\/24_staack_abb_allgemein_054_b2\/\" style=\"--ratio: 2560 \/ 1920;\" alt=\"\" \/><\/div><\/div><\/div>[vc_empty_space height=&#8220;30px&#8220;][vc_column_text css_animation=&#8220;fadeIn&#8220; css=&#8220;&#8220;]<\/p>\n<h3>Leistungen<\/h3>\n<p>Unsere moderne Tischlerei bietet ein vielf\u00e4ltiges Leistungsspektrum &#8211; Holzb\u00f6den, M\u00f6bel und vieles mehr.[\/vc_column_text]<style type=\"text\/css\" data-type=\"the7_shortcodes-inline-css\">#default-btn-6a3b30fc1d838150cf9686cc789ef4fd.ico-right-side > i {\n  margin-right: 0px;\n  margin-left: 8px;\n}\n#default-btn-6a3b30fc1d838150cf9686cc789ef4fd > i {\n  margin-right: 8px;\n}\n<\/style><a href=\"https:\/\/tischlerei-staack.de\/wp\/leistungen\/\" class=\"default-btn-shortcode dt-btn dt-btn-l fadeIn animate-element animation-builder link-hover-off anchor-link btn-inline-left \" id=\"default-btn-6a3b30fc1d838150cf9686cc789ef4fd\" title=\"Leistungen\"><span>Leistungen<\/span><\/a>[vc_empty_space height=&#8220;30px&#8220;][\/vc_column_inner][vc_column_inner offset=&#8220;vc_col-lg-3 vc_col-md-6&#8243;]<style type=\"text\/css\" data-type=\"the7_shortcodes-inline-css\">.shortcode-single-image-wrap.shortcode-single-image-66560ff3e2ac51f965a9554ec3ff1cbe.enable-bg-rollover .rollover i,\n.shortcode-single-image-wrap.shortcode-single-image-66560ff3e2ac51f965a9554ec3ff1cbe.enable-bg-rollover .rollover-video i {\n  background: -webkit-linear-gradient();\n  background: linear-gradient();\n}\n.shortcode-single-image-wrap.shortcode-single-image-66560ff3e2ac51f965a9554ec3ff1cbe .rollover-icon {\n  font-size: 32px;\n  color: #ffffff;\n  min-width: 44px;\n  min-height: 44px;\n  line-height: 44px;\n  border-radius: 100px;\n  border-style: solid;\n  border-width: 0px;\n}\n.dt-icon-bg-on.shortcode-single-image-wrap.shortcode-single-image-66560ff3e2ac51f965a9554ec3ff1cbe .rollover-icon {\n  background: rgba(255,255,255,0.3);\n  box-shadow: none;\n}\n<\/style><div class=\"shortcode-single-image-wrap shortcode-single-image-66560ff3e2ac51f965a9554ec3ff1cbe alignnone fadeIn animate-element  enable-bg-rollover dt-icon-bg-off\" style=\"margin-top:0px; margin-bottom:0px; margin-left:0px; margin-right:0px;\"><div class=\"shortcode-single-image\"><div class=\"fancy-media-wrap  layzr-bg\" style=\"\"><img decoding=\"async\" class=\"preload-me lazy-load aspect\" src=\"data:image\/svg+xml,%3Csvg%20xmlns%3D&#39;http%3A%2F%2Fwww.w3.org%2F2000%2Fsvg&#39;%20viewBox%3D&#39;0%200%201200%20900&#39;%2F%3E\" data-src=\"https:\/\/tischlerei-staack.de\/wp\/wp-content\/uploads\/24_Staack_Abb_Allgemein_019_1200.jpg\" data-srcset=\"https:\/\/tischlerei-staack.de\/wp\/wp-content\/uploads\/24_Staack_Abb_Allgemein_019_1200.jpg 1200w\" loading=\"eager\" sizes=\"(max-width: 1200px) 100vw, 1200px\" width=\"1200\" height=\"900\"  data-dt-location=\"https:\/\/tischlerei-staack.de\/wp\/beispiel-seite\/24_staack_abb_allgemein_019_1200\/\" style=\"--ratio: 1200 \/ 900;\" alt=\"\" \/><\/div><\/div><\/div>[vc_empty_space height=&#8220;30px&#8220;][vc_column_text css_animation=&#8220;fadeIn&#8220; css=&#8220;&#8220;]<\/p>\n<h3>Qualifizierung<\/h3>\n<p>Qualit\u00e4t ist uns wichtig. Neben der Mitgliedschaft im Tischler Fachverband Nord ist unser Betrieb CE plus sowie QSN zertifiziert.[\/vc_column_text]<style type=\"text\/css\" data-type=\"the7_shortcodes-inline-css\">#default-btn-4ef07dfe87f2c2e18462e8b3ed0d29e8.ico-right-side > i {\n  margin-right: 0px;\n  margin-left: 8px;\n}\n#default-btn-4ef07dfe87f2c2e18462e8b3ed0d29e8 > i {\n  margin-right: 8px;\n}\n<\/style><a href=\"https:\/\/tischlerei-staack.de\/wp\/qualifizierung\/\" class=\"default-btn-shortcode dt-btn dt-btn-l fadeIn animate-element animation-builder link-hover-off anchor-link btn-inline-left \" id=\"default-btn-4ef07dfe87f2c2e18462e8b3ed0d29e8\" title=\"Qualifizierung\"><span>Qualifizierung<\/span><\/a>[vc_empty_space height=&#8220;30px&#8220;][\/vc_column_inner][vc_column_inner offset=&#8220;vc_col-lg-3 vc_col-md-6&#8243;]<style type=\"text\/css\" data-type=\"the7_shortcodes-inline-css\">.shortcode-single-image-wrap.shortcode-single-image-79b7d73692b2186dbbd84ba0b6e5c5ad.enable-bg-rollover .rollover i,\n.shortcode-single-image-wrap.shortcode-single-image-79b7d73692b2186dbbd84ba0b6e5c5ad.enable-bg-rollover .rollover-video i {\n  background: -webkit-linear-gradient();\n  background: linear-gradient();\n}\n.shortcode-single-image-wrap.shortcode-single-image-79b7d73692b2186dbbd84ba0b6e5c5ad .rollover-icon {\n  font-size: 32px;\n  color: #ffffff;\n  min-width: 44px;\n  min-height: 44px;\n  line-height: 44px;\n  border-radius: 100px;\n  border-style: solid;\n  border-width: 0px;\n}\n.dt-icon-bg-on.shortcode-single-image-wrap.shortcode-single-image-79b7d73692b2186dbbd84ba0b6e5c5ad .rollover-icon {\n  background: rgba(255,255,255,0.3);\n  box-shadow: none;\n}\n<\/style><div class=\"shortcode-single-image-wrap shortcode-single-image-79b7d73692b2186dbbd84ba0b6e5c5ad alignnone fadeIn animate-element  enable-bg-rollover dt-icon-bg-off\" style=\"margin-top:0px; margin-bottom:0px; margin-left:0px; margin-right:0px;\"><div class=\"shortcode-single-image\"><div class=\"fancy-media-wrap  layzr-bg\" style=\"\"><img decoding=\"async\" class=\"preload-me lazy-load aspect\" src=\"data:image\/svg+xml,%3Csvg%20xmlns%3D&#39;http%3A%2F%2Fwww.w3.org%2F2000%2Fsvg&#39;%20viewBox%3D&#39;0%200%201200%20900&#39;%2F%3E\" data-src=\"https:\/\/tischlerei-staack.de\/wp\/wp-content\/uploads\/24_Staack_Abb_Allgemein_039_B2.jpg\" data-srcset=\"https:\/\/tischlerei-staack.de\/wp\/wp-content\/uploads\/24_Staack_Abb_Allgemein_039_B2.jpg 1200w\" loading=\"eager\" sizes=\"(max-width: 1200px) 100vw, 1200px\" width=\"1200\" height=\"900\"  data-dt-location=\"https:\/\/tischlerei-staack.de\/wp\/leistungen\/oekologie\/attachment\/319\/\" style=\"--ratio: 1200 \/ 900;\" alt=\"\" \/><\/div><\/div><\/div>[vc_empty_space height=&#8220;30px&#8220;][vc_column_text css_animation=&#8220;fadeIn&#8220; css=&#8220;&#8220;]<\/p>\n<h3>Stellenangebote<\/h3>\n<p>Auf zu neuen Ufern: Schauen Sie sich unsere aktuellen Stellenangebote an und werden Sie Teil des Staacken-Teams![\/vc_column_text]<style type=\"text\/css\" data-type=\"the7_shortcodes-inline-css\">#default-btn-085ddac9dbfcf4f728945763b0c1e643.ico-right-side > i {\n  margin-right: 0px;\n  margin-left: 8px;\n}\n#default-btn-085ddac9dbfcf4f728945763b0c1e643 > i {\n  margin-right: 8px;\n}\n<\/style><a href=\"https:\/\/tischlerei-staack.de\/wp\/stellenangebote\/\" class=\"default-btn-shortcode dt-btn dt-btn-l fadeIn animate-element animation-builder link-hover-off anchor-link btn-inline-left \" id=\"default-btn-085ddac9dbfcf4f728945763b0c1e643\" title=\"Stellenangebote\"><span>Stellenangebote<\/span><\/a>[vc_empty_space height=&#8220;30px&#8220;][\/vc_column_inner][vc_column_inner offset=&#8220;vc_col-lg-3 vc_col-md-6&#8243;]<style type=\"text\/css\" data-type=\"the7_shortcodes-inline-css\">.shortcode-single-image-wrap.shortcode-single-image-15cf393de2601d25313c852e03fee5e7.enable-bg-rollover .rollover i,\n.shortcode-single-image-wrap.shortcode-single-image-15cf393de2601d25313c852e03fee5e7.enable-bg-rollover .rollover-video i {\n  background: -webkit-linear-gradient();\n  background: linear-gradient();\n}\n.shortcode-single-image-wrap.shortcode-single-image-15cf393de2601d25313c852e03fee5e7 .rollover-icon {\n  font-size: 32px;\n  color: #ffffff;\n  min-width: 44px;\n  min-height: 44px;\n  line-height: 44px;\n  border-radius: 100px;\n  border-style: solid;\n  border-width: 0px;\n}\n.dt-icon-bg-on.shortcode-single-image-wrap.shortcode-single-image-15cf393de2601d25313c852e03fee5e7 .rollover-icon {\n  background: rgba(255,255,255,0.3);\n  box-shadow: none;\n}\n<\/style><div class=\"shortcode-single-image-wrap shortcode-single-image-15cf393de2601d25313c852e03fee5e7 alignnone fadeIn animate-element  enable-bg-rollover dt-icon-bg-off\" style=\"margin-top:0px; margin-bottom:0px; margin-left:0px; margin-right:0px;\"><div class=\"shortcode-single-image\"><div class=\"fancy-media-wrap  layzr-bg\" style=\"\"><img decoding=\"async\" class=\"preload-me lazy-load aspect\" src=\"data:image\/svg+xml,%3Csvg%20xmlns%3D&#39;http%3A%2F%2Fwww.w3.org%2F2000%2Fsvg&#39;%20viewBox%3D&#39;0%200%201200%20900&#39;%2F%3E\" data-src=\"https:\/\/tischlerei-staack.de\/wp\/wp-content\/uploads\/24_Staack_Abb_Allgemein_034_B2.jpg\" data-srcset=\"https:\/\/tischlerei-staack.de\/wp\/wp-content\/uploads\/24_Staack_Abb_Allgemein_034_B2.jpg 1200w\" loading=\"eager\" sizes=\"(max-width: 1200px) 100vw, 1200px\" width=\"1200\" height=\"900\"  data-dt-location=\"https:\/\/tischlerei-staack.de\/wp\/leistungen\/oekologie\/24_staack_abb_allgemein_034_b2\/\" style=\"--ratio: 1200 \/ 900;\" alt=\"\" \/><\/div><\/div><\/div>[vc_empty_space height=&#8220;30px&#8220;][vc_column_text css_animation=&#8220;fadeIn&#8220; css=&#8220;&#8220;]<\/p>\n<h3>\u00d6kologie &amp; mehr<\/h3>\n<p>Ihr M\u00f6belst\u00fcck als wohn\u00f6kologisches Einzelst\u00fcck und faire Arbeitsbedingungen f\u00fcr unsere Besch\u00e4ftigten.[\/vc_column_text]<style type=\"text\/css\" data-type=\"the7_shortcodes-inline-css\">#default-btn-1c1410d8b6c70eab1317a25d93400f24.ico-right-side > i {\n  margin-right: 0px;\n  margin-left: 8px;\n}\n#default-btn-1c1410d8b6c70eab1317a25d93400f24 > i {\n  margin-right: 8px;\n}\n<\/style><a href=\"https:\/\/tischlerei-staack.de\/wp\/leistungen\/oekologie\/\" class=\"default-btn-shortcode dt-btn dt-btn-l fadeIn animate-element animation-builder link-hover-off anchor-link btn-inline-left \" id=\"default-btn-1c1410d8b6c70eab1317a25d93400f24\" title=\"\u00d6kologie\"><span>\u00d6kologie &amp; mehr<\/span><\/a>[vc_empty_space height=&#8220;30px&#8220;][\/vc_column_inner][\/vc_row_inner][\/vc_column][\/vc_row][vc_row][vc_column offset=&#8220;vc_col-lg-12 vc_col-md-12&#8243;][vc_empty_space height=&#8220;100px&#8220;][\/vc_column][\/vc_row]<\/p>\n<\/div>","protected":false},"excerpt":{"rendered":"<p>[vc_row full_width=&#8220;stretch_row_content&#8220; css=&#8220;.vc_custom_1695635186553{margin-top: 0px !important;margin-right: 0px !important;margin-bottom: 0px !important;margin-left: 0px !important;padding-top: 0px !important;padding-right: 0px !important;padding-bottom: 0px !important;padding-left: 0px !important;background-image: url(https:\/\/tischlerei-staack.de\/wp\/wp-content\/uploads\/23_Staack_Header_Back_Holz_001_2200_876.jpg?id=72) !important;background-position: center !important;background-repeat: no-repeat !important;background-size: cover !important;}&#8220;][vc_column css=&#8220;.vc_custom_1695390985889{margin-top: 0px !important;margin-bottom: 0px !important;padding-top: 0px !important;padding-bottom: 0px !important;}&#8220;][vc_empty_space height=&#8220;15px&#8220;][\/vc_column][\/vc_row][vc_row full_width=&#8220;stretch_row&#8220; full_height=&#8220;yes&#8220; columns_placement=&#8220;top&#8220; content_placement=&#8220;middle&#8220; bg_type=&#8220;image&#8220; parallax_style=&#8220;vcpb-vz-jquery&#8220; bg_image_new=&#8220;id^435|url^https:\/\/tischlerei-staack.de\/wp\/wp-content\/uploads\/24_Staack_Back_002.jpg|caption^null|alt^null|title^null|description^null&#8220; bg_image_repeat=&#8220;no-repeat&#8220; css=&#8220;.vc_custom_1714801790601{margin-top: 0px !important;margin-right: 0px !important;margin-bottom: 0px !important;margin-left: 0px !important;padding-top: 0px&hellip;<\/p>\n","protected":false},"author":1,"featured_media":0,"parent":0,"menu_order":100,"comment_status":"closed","ping_status":"open","template":"","meta":{"footnotes":""},"class_list":["post-2","page","type-page","status-publish","hentry","description-off"],"_links":{"self":[{"href":"https:\/\/tischlerei-staack.de\/wp\/wp-json\/wp\/v2\/pages\/2","targetHints":{"allow":["GET"]}}],"collection":[{"href":"https:\/\/tischlerei-staack.de\/wp\/wp-json\/wp\/v2\/pages"}],"about":[{"href":"https:\/\/tischlerei-staack.de\/wp\/wp-json\/wp\/v2\/types\/page"}],"author":[{"embeddable":true,"href":"https:\/\/tischlerei-staack.de\/wp\/wp-json\/wp\/v2\/users\/1"}],"replies":[{"embeddable":true,"href":"https:\/\/tischlerei-staack.de\/wp\/wp-json\/wp\/v2\/comments?post=2"}],"version-history":[{"count":85,"href":"https:\/\/tischlerei-staack.de\/wp\/wp-json\/wp\/v2\/pages\/2\/revisions"}],"predecessor-version":[{"id":546,"href":"https:\/\/tischlerei-staack.de\/wp\/wp-json\/wp\/v2\/pages\/2\/revisions\/546"}],"wp:attachment":[{"href":"https:\/\/tischlerei-staack.de\/wp\/wp-json\/wp\/v2\/media?parent=2"}],"curies":[{"name":"wp","href":"https:\/\/api.w.org\/{rel}","templated":true}]}}